{"id":344,"date":"2024-02-21T05:35:51","date_gmt":"2024-02-21T05:35:51","guid":{"rendered":"https:\/\/pangacr.com\/?page_id=344"},"modified":"2024-07-29T23:32:19","modified_gmt":"2024-07-29T23:32:19","slug":"terminos-y-condiciones-de-uso","status":"publish","type":"page","link":"https:\/\/pangacr.com\/index.php\/terminos-y-condiciones-de-uso\/","title":{"rendered":"T\u00e9rminos y condiciones de uso"},"content":{"rendered":"\n<p class=\"has-large-font-size\"><strong>T\u00c9RMINOS Y CONDICIONES DE USO<\/strong><\/p>\n\n\n\n<p>T\u00e9rminos y Condiciones de Uso del Sitio<\/p>\n\n\n\n<p>PANGA<\/p>\n\n\n\n<p>XYZ PANGAS DEL PAC\u00cdFICO S.R.L. (en adelante, &#8220;PANGA&#8221; o la &#8220;Compa\u00f1\u00eda&#8221;), es una sociedad debidamente constituida conforme a las leyes de Costa Rica, con domicilio en Oficentro Ejecutivo La Sabana, edificio 6 piso 7, San Jos\u00e9, Costa Rica.<\/p>\n\n\n\n<p>Los servicios que ofrece PANGA y sus compa\u00f1\u00edas afiliadas en los sitios www.pangacr.com y sus aplicaciones m\u00f3viles (en adelante, &#8220;Sitio&#8221;) est\u00e1n dise\u00f1ados para formar un ecosistema que permita a los usuarios del Sitio (&#8220;Usuarios&#8221;) organizar y planificar los servicios de movilidad y\/o log\u00edstica con terceros proveedores independientes de dichos servicios, incluyendo terceros de movilidad independientes y proveedores log\u00edsticos independientes (&#8220;Terceros Proveedores&#8221;).<\/p>\n\n\n\n<p>El Usuario reconoce que la Compa\u00f1\u00eda no presta servicios de movilidad o log\u00edsticos, y que no opera como una compa\u00f1\u00eda de movilidad o log\u00edstica&nbsp;y&nbsp;reservaciones de servicios siendo dichos servicios prestados directamente por los Terceros Proveedores, quienes son independientes y no act\u00faan como empleados de la Compa\u00f1\u00eda o de cualquiera de sus compa\u00f1\u00edas afiliadas.<\/p>\n\n\n\n<p>T\u00e9rminos y Condiciones<\/p>\n\n\n\n<p>Estos t\u00e9rminos y condiciones de uso (en adelante, &#8220;T\u00e9rminos y Condiciones&#8221;) regulan la relaci\u00f3n entre PANGA y los Usuarios.<\/p>\n\n\n\n<p>Los Usuarios aceptan estos T\u00e9rminos y Condiciones desde el momento en que se registran en el Sitio y usan los servicios de PANGA.<\/p>\n\n\n\n<p>Si el Usuario contin\u00faa accediendo y usando el Sitio, se considerar\u00e1 que el Usuario ha le\u00eddo y aceptado todos y cada uno de los t\u00e9rminos establecidos en este documento y acordado que los presentes T\u00e9rminos y Condiciones son legalmente vinculantes para el Usuario y la Compa\u00f1\u00eda. El Usuario observar\u00e1 los presentes T\u00e9rminos y Condiciones de buena fe al utilizar el Sitio.<\/p>\n\n\n\n<p>Los presentes T\u00e9rminos y Condiciones son aplicables para todos los Usuarios que el Sitio, y est\u00e1n sujetos a modificaci\u00f3n en cualquier momento como resultado de ajustes a la pol\u00edtica comercial de PANGA.<\/p>\n\n\n\n<p>PANGA se reserva el derecho de buscar soluciones, y en todo caso, podr\u00e1 dar por terminados los presentes T\u00e9rminos y Condiciones o cualquier servicio con respecto al Usuario, o en general, dejar de ofrecer o negar el acceso al Sitio o a cualquier parte de los mismos, si PANGA considera que el Usuario ha incurrido en cualquier incumplimiento.<\/p>\n\n\n\n<p>Asimismo, PANGA se reserva el derecho de negarse a prestar los servicios al Usuario o negar al Usuario el uso del Sitio sin causa alguna si el Usuario no est\u00e1 de acuerdo con estos T\u00e9rminos y Condiciones.<\/p>\n\n\n\n<p>Registro y Cuenta<\/p>\n\n\n\n<p>Para utilizar nuestros servicios, el Usuario debe registrarse y mantener activa una cuenta personal de los servicios. Al registrarse, el Usuario deber\u00e1 asegurarse de que toda la informaci\u00f3n que haya proporcionado sea precisa, completa y verdadera, y debe mantener sus datos siempre actualizados. El Usuario ser\u00e1 el \u00fanico responsable de la certeza de sus datos de registro.<\/p>\n\n\n\n<p>El Usuario reconoce y acuerda que una vez que est\u00e9 registrado, la cuenta de servicio del Usuario en la Compa\u00f1\u00eda se abrir\u00e1 de forma predeterminada.<\/p>\n\n\n\n<p>El Usuario y cualquier persona que use los servicios deber\u00e1 tener 18 a\u00f1os de edad o la mayor\u00eda de edad fijada en la jurisdicci\u00f3n del Usuario (en caso de ser mayor a 18 a\u00f1os) o tener plena capacidad para celebrar un contrato de conformidad con la legislaci\u00f3n aplicable. En caso de que cualquier persona autorizada por el Usuario para recibir los Servicios de movilidad y\/o log\u00edsticos proporcionados por los Terceros Proveedores carezca de plena capacidad para celebrar un contrato o sea una persona con capacidad de ejercicio limitada para celebrar contratos, dicha persona deber\u00e1 estar acompa\u00f1ada por el Usuario, y el Usuario asumir\u00e1 cualquier responsabilidad y consecuencia derivada de o relacionada con los presentes T\u00e9rminos y Condiciones. El Usuario no ceder\u00e1 o transferir\u00e1 de ninguna forma la cuenta vinculada a su nombre, creada para el uso de los servicios de la Compa\u00f1\u00eda, a ninguna persona natural o jur\u00eddica.<\/p>\n\n\n\n<p>El Usuario reconoce y acuerda cumplir con todas las leyes aplicables al utilizar los servicios y que solo podr\u00e1 utilizar los servicios con fines leg\u00edtimos (por ejemplo, no para viajar con art\u00edculos peligrosos, que est\u00e9n prohibidos o sean considerados inapropiados por alguna ley, norma o reglamento aplicable); de lo contrario, el Tercero Proveedor tendr\u00e1 derecho a rehusarse a prestar el servicio y el Usuario asumir\u00e1 cualquier consecuencia y responsabilidad que resulte de utilizar los servicios con fines leg\u00edtimos. En el uso de los servicios, no causar\u00e1 estorbos, molestias, incomodidades o da\u00f1os a la propiedad (incluyendo fumar, beber alcohol, u otras conductas), tanto al Tercero Proveedor como a cualquier otra parte.<\/p>\n\n\n\n<p>Pago<\/p>\n\n\n\n<p>El uso de los servicios derivar\u00e1 en cargos al Usuario correspondientes al precio de los servicios de movilidad y\/o log\u00edsticos que reciba del Tercero Proveedor. Los precios por dichos servicios de movilidad y\/o log\u00edsticos prestados por el Tercero Proveedor, est\u00e1n publicados en el Sitio y ser\u00e1n los vigentes a la fecha en que se haga uso de los servicios, o conforme se actualicen en el Sitio. Estos precios para servicios de movilidad y\/o log\u00edsticos pueden cambiar peri\u00f3dicamente con base en la oferta y demanda del mercado y el Usuario ser\u00e1 responsable de monitorearlos. Estos precios para servicios de movilidad y\/o log\u00edsticos podr\u00e1n ajustarse de vez en cuando de conformidad con las solicitudes de viaje en tiempo real.<\/p>\n\n\n\n<p>Despu\u00e9s de que el Usuario haya recibido los servicios de movilidad y\/o log\u00edsticos solicitados a trav\u00e9s del uso de los servicios, PANGA facilitar\u00e1 su pago como agente de cobro en nombre del Tercero Proveedor. El pago efectuado por el Usuario por dichos servicios se considerar\u00e1 como el pago efectuado directamente al Tercero Proveedor por los servicios de movilidad y\/o log\u00edsticos. Por lo tanto, PANGA \u00fanicamente actuar\u00e1 como agente de recolecci\u00f3n en nombre del Tercero Proveedor. El Usuario reconoce que la entidad de servicio local en cada pa\u00eds ser\u00e1 delegada por PANGA para actuar como agente de cobro del Tercero Proveedor.<\/p>\n\n\n\n<p>El Usuario pagar\u00e1 inmediatamente el cargo total de la orden presentada por el Sitio. Si hay cualquier cargo vencido, la Compa\u00f1\u00eda tendr\u00e1 derecho a negarse a prestar servicios al Usuario.<\/p>\n\n\n\n<p>El Usuario podr\u00e1 pagar por los servicios a trav\u00e9s del m\u00e9todo de pago preferido indicado en su cuenta, incluyendo su cuenta de pago electr\u00f3nico y sistemas de pago bancario en l\u00ednea. El procesamiento de los pagos estar\u00e1 sujeto a los presentes T\u00e9rminos y Condiciones y a los t\u00e9rminos y pol\u00edticas de los proveedores de servicios de pago electr\u00f3nico y bancos emisores de las tarjetas de cr\u00e9dito\/d\u00e9bito, en su caso. PANGA no ser\u00e1 responsable de ning\u00fan error cometido por los proveedores de servicios de pago electr\u00f3nico o por los bancos. PANGA obtendr\u00e1 los detalles de las operaciones espec\u00edficas relacionadas con el uso de los servicios por el Usuario. PANGA cumplir\u00e1 estrictamente con las leyes y reglamentos aplicables y las pol\u00edticas de la Compa\u00f1\u00eda al utilizar dicha informaci\u00f3n.<\/p>\n\n\n\n<p>Una vez que el Usuario haya efectuado el pago correspondiente, PANGA podr\u00e1 emitir un resumen de las tarifas cobradas al Usuario, como un comprobante de pago, el cual no ser\u00e1 considerado como una factura para efectos tributarios. Todos los documentos o facturas que el Usuario requiera por los servicios de movilidad y\/o log\u00edsticos ser\u00e1n emitidos por el Tercero Proveedor o por cualquier individuo o entidad que administre las actividades del Tercero Proveedor, seg\u00fan sea requerido conforme a la legislaci\u00f3n y disposiciones jur\u00eddicas aplicables. Es responsabilidad exclusiva del Tercero Proveedor o de la persona o entidad que presta el servicio de movilidad y\/o log\u00edsticos, de entregar los documentos, facturas y comprobantes que sean requeridas, conforme con la legislaci\u00f3n y disposiciones jur\u00eddicas que sean aplicables. En este sentido, el Usuario ser\u00e1 responsable de (i) solicitar todos y cada uno de los documentos o factura que pueda requerir, y (ii) enviar toda la informaci\u00f3n personal requerida para cumplir con estos prop\u00f3sitos.<\/p>\n\n\n\n<p>Aunque PANGA pueda proveer a los Terceros Proveedores la informaci\u00f3n necesaria para la emisi\u00f3n de los documentos o facturas requeridas conforme con la legislaci\u00f3n aplicable, PANGA no ser\u00e1 responsable por la emisi\u00f3n de cualquier comprobante o factura requerida por los Usuarios por los servicios de movilidad y\/o log\u00edsticos prestados por el Tercero Proveedor, toda vez que PANGA no presta dicho servicio, y no ser\u00e1 responsable por cualquier error o falla en la entrega de dichos documentos. De ninguna manera PANGA ser\u00e1 responsable por cualquier error, incoherencia o mal funcionamiento del Sitio o sitios web relevantes que puedan afectar la emisi\u00f3n de dichos documentos o facturas.<\/p>\n\n\n\n<p>Privacidad de datos<\/p>\n\n\n\n<p>En PANGA hacemos un uso responsable de la informaci\u00f3n personal, protegiendo la privacidad de los Usuarios que nos confiaron sus datos y tomando las medidas necesarias para garantizar la seguridad en nuestro Sitio.<\/p>\n\n\n\n<p>Indemnizaci\u00f3n<\/p>\n\n\n\n<p>Al utilizar los servicios del Sitio, el Usuario se obliga a indemnizar a PANGA por todas y cada una de las reclamaciones, costos, compensaciones, p\u00e9rdidas, deudas y gastos, incluyendo sin limitaci\u00f3n, honorarios de abogados y gastos y costas judiciales, derivadas de o relacionadas con los siguientes eventos:<\/p>\n\n\n\n<p>El Usuario incumpla o viole cualquier t\u00e9rmino de los presentes T\u00e9rminos y Condiciones o cualquier ley o reglamento aplicable (ya sea que se mencione o no en este instrumento).<\/p>\n\n\n\n<p>El Usuario infrinja cualquier derecho de cualquier tercero.<\/p>\n\n\n\n<p>El Usuario abuse del Sitio o los servicios.<\/p>\n\n\n\n<p>El Usuario cause da\u00f1os al veh\u00edculo o su equipo interno, o al Tercero Proveedor debido a negligencia grave o dolo.<\/p>\n\n\n\n<p>Restricciones Regulatorias Locales<\/p>\n\n\n\n<p>PANGA no incide o dirige a persona alguna para acceder al Sitio en cualquier jurisdicci\u00f3n en la que (debido a la nacionalidad, residencia u otro motivo) el acceso a o disponibilidad del Sitio est\u00e9 prohibido o est\u00e9 sujeto a cualquier restricci\u00f3n, incluyendo requerimientos de registro u otros requerimientos dentro de dicha jurisdicci\u00f3n. PANGA se reserva el derecho de limitar el acceso al Sitio a cualquiera de estas personas. Cualquier persona que acceda a Sitio en cualquier jurisdicci\u00f3n lo hace por iniciativa propia y ser\u00e1 responsable de cumplir con las legislaci\u00f3n y reglamentos locales aplicables. PANGA no ser\u00e1 responsable frente a ning\u00fan Usuario por p\u00e9rdida o da\u00f1o alguno, ya sea conforme una disposici\u00f3n contractual, por responsabilidad civil (incluyendo negligencia), incumplimiento de un deber conforme a la ley o por otro motivo, aun cuando sea previsible, derivado de o relacionado con el uso por una persona en una jurisdicci\u00f3n donde el acceso a o la disponibilidad del Sitio est\u00e9 prohibido o sujeto cualquier restricci\u00f3n. En caso de duda, el Usuario deber\u00e1 obtener asesor\u00eda legal independiente.<\/p>\n\n\n\n<p>Ausencia de Garant\u00edas<\/p>\n\n\n\n<p>Los servicios de PANGA se ofrecen &#8220;en el estado en que se encuentran&#8221;. Ninguna garant\u00eda es dada ni expresa ni impl\u00edcita, con respecto al Sitio y en el material publicado en el Sitio, incluyendo sin limitaci\u00f3n, a su contenido. Salvo por lo expresamente establecido en los presentes T\u00e9rminos y Condiciones, todas las garant\u00edas, condiciones y declaraciones, expresas o impl\u00edcitas por ley o de otra manera establecidas por PANGA (incluyendo, sin limitaci\u00f3n, garant\u00edas en cuanto a calidad satisfactoria, idoneidad para un fin o pericia y cuidado) quedan excluidas por esta disposici\u00f3n cuando la legislaci\u00f3n lo permita.<\/p>\n\n\n\n<p>Limitaci\u00f3n de la Responsabilidad de PANGA<\/p>\n\n\n\n<p>La informaci\u00f3n proporcionada y los servicios recomendados al Usuario en el Sitio est\u00e1n basados en la informaci\u00f3n proporcionada por el Usuario y no constituyen asesoramiento profesional, m\u00e9dico, legal o financiero. El Usuario debe siempre buscar el asesoramiento de profesionales id\u00f3neos en relaci\u00f3n con sus circunstancias personales. PANGA no ser\u00e1 responsable de ninguna manera por las decisiones tomadas por el Usuario basadas en la informaci\u00f3n proporcionada o recomendada en el Sitio.<\/p>\n\n\n\n<p>PANGA no ser\u00e1 responsable de cualquier da\u00f1o directo, indirecto, especial, incidental, consecuente o punitivo, o cualquier p\u00e9rdida de beneficios o ingresos, ya sea en contrato, agravio (incluyendo negligencia), incumplimiento de un deber conforme a la ley o de otra manera, incluso si se advirti\u00f3 la posibilidad de tales da\u00f1os y que eran previsibles.<\/p>\n\n\n\n<p>Divisibilidad<\/p>\n\n\n\n<p>Si alguna de las disposiciones de los presentes T\u00e9rminos y Condiciones se declara inv\u00e1lida, ilegal o inejecutable por cualquier raz\u00f3n, dicha disposici\u00f3n ser\u00e1 eliminada o limitada en la m\u00ednima medida necesaria para que los T\u00e9rminos y Condiciones permanezcan en su totalidad en pleno vigor y efecto.<\/p>\n\n\n\n<p>Ley Aplicable y Jurisdicci\u00f3n<\/p>\n\n\n\n<p>Estos T\u00e9rminos y Condiciones y cualquier disputa o reclamo que surja de o en relaci\u00f3n con ellos o su objeto o formaci\u00f3n (incluyendo disputas o reclamos no contractuales) se regir\u00e1n e interpretar\u00e1n de conformidad con la legislaci\u00f3n de Costa Rica.<\/p>\n\n\n\n<p>Idioma de los T\u00e9rminos y Condiciones<\/p>\n\n\n\n<p>Los presentes T\u00e9rminos y Condiciones se redactaron en espa\u00f1ol. En caso de cualquier discrepancia entre la versi\u00f3n en espa\u00f1ol y cualquier versi\u00f3n traducida a otro idioma, prevalecer\u00e1 la versi\u00f3n en espa\u00f1ol.<\/p>\n\n\n\n<p>Cambios en los T\u00e9rminos y Condiciones<\/p>\n\n\n\n<p>PANGA se reserva el derecho de modificar los presentes T\u00e9rminos y Condiciones en cualquier momento, mediante la publicaci\u00f3n de una versi\u00f3n actualizada en el Sitio. El Usuario est\u00e1 obligado a revisar regularmente los presentes T\u00e9rminos y Condiciones. El uso continuado del Sitio despu\u00e9s de la publicaci\u00f3n de los cambios constituir\u00e1 la aceptaci\u00f3n de dichos cambios por parte del Usuario.<\/p>\n","protected":false},"excerpt":{"rendered":"<p>T\u00c9RMINOS Y CONDICIONES DE USO T\u00e9rminos y Condiciones de Uso del Sitio PANGA XYZ PANGAS DEL PAC\u00cdFICO S.R.L. (en adelante, &#8220;PANGA&#8221; o la &#8220;Compa\u00f1\u00eda&#8221;), es una sociedad debidamente constituida conforme a las leyes de Costa Rica, con domicilio en Oficentro Ejecutivo La Sabana, edificio 6 piso 7, San Jos\u00e9, Costa Rica. Los servicios que ofrece [&hellip;]<\/p>\n","protected":false},"author":1,"featured_media":0,"parent":0,"menu_order":0,"comment_status":"closed","ping_status":"closed","template":"template-basic","meta":{"_uag_custom_page_level_css":"","_joinchat":[],"footnotes":""},"class_list":["post-344","page","type-page","status-publish","hentry"],"uagb_featured_image_src":{"full":false,"thumbnail":false,"medium":false,"medium_large":false,"large":false,"1536x1536":false,"2048x2048":false},"uagb_author_info":{"display_name":"pedchoro","author_link":"https:\/\/pangacr.com\/index.php\/author\/pedchoro\/"},"uagb_comment_info":0,"uagb_excerpt":"T\u00c9RMINOS Y CONDICIONES DE USO T\u00e9rminos y Condiciones de Uso del Sitio PANGA XYZ PANGAS DEL PAC\u00cdFICO S.R.L. (en adelante, &#8220;PANGA&#8221; o la &#8220;Compa\u00f1\u00eda&#8221;), es una sociedad debidamente constituida conforme a las leyes de Costa Rica, con domicilio en Oficentro Ejecutivo La Sabana, edificio 6 piso 7, San Jos\u00e9, Costa Rica. Los servicios que ofrece&hellip;","jetpack_sharing_enabled":true,"_links":{"self":[{"href":"https:\/\/pangacr.com\/index.php\/wp-json\/wp\/v2\/pages\/344","targetHints":{"allow":["GET"]}}],"collection":[{"href":"https:\/\/pangacr.com\/index.php\/wp-json\/wp\/v2\/pages"}],"about":[{"href":"https:\/\/pangacr.com\/index.php\/wp-json\/wp\/v2\/types\/page"}],"author":[{"embeddable":true,"href":"https:\/\/pangacr.com\/index.php\/wp-json\/wp\/v2\/users\/1"}],"replies":[{"embeddable":true,"href":"https:\/\/pangacr.com\/index.php\/wp-json\/wp\/v2\/comments?post=344"}],"version-history":[{"count":5,"href":"https:\/\/pangacr.com\/index.php\/wp-json\/wp\/v2\/pages\/344\/revisions"}],"predecessor-version":[{"id":600,"href":"https:\/\/pangacr.com\/index.php\/wp-json\/wp\/v2\/pages\/344\/revisions\/600"}],"wp:attachment":[{"href":"https:\/\/pangacr.com\/index.php\/wp-json\/wp\/v2\/media?parent=344"}],"curies":[{"name":"wp","href":"https:\/\/api.w.org\/{rel}","templated":true}]}}