{"id":387,"date":"2024-04-09T17:51:26","date_gmt":"2024-04-09T17:51:26","guid":{"rendered":"https:\/\/pangacr.com\/?page_id=387"},"modified":"2025-10-17T00:26:29","modified_gmt":"2025-10-17T00:26:29","slug":"empresas","status":"publish","type":"page","link":"https:\/\/pangacr.com\/index.php\/empresas\/","title":{"rendered":"Empresas"},"content":{"rendered":"\n<div class=\"section-wrapper\" data-id=\"pNrAbp\"><section class=\"wp-block-gutenverse-section guten-element guten-section guten-pNrAbp layout-boxed align-stretch\"><div class=\"guten-background-overlay\"><\/div><div class=\"guten-container guten-column-gap-default\">\n<div class=\"wp-block-gutenverse-column guten-element guten-column guten-2ZmwgH\"><div class=\"guten-column-wrapper\" data-id=\"2ZmwgH\">\n<h2 class=\"wp-block-gutenverse-heading guten-element guten-GuptEo\">Empresas<\/h2>\n\n\n\n<div class=\"guten-element guten-icon-list guten-jSZb57\"><div class=\" list-wrapper inline-icon-list\">\n<div class=\"guten-element guten-icon-list-item guten-rHUK0X\"><div class=\"list-divider\"><\/div><a id=\"guten-rHUK0X\"><span class=\"list-text no-icon\">Inicio<\/span><\/a><\/div>\n\n\n\n<div class=\"guten-element guten-icon-list-item guten-k2OOfB\"><div class=\"list-divider\"><\/div><a id=\"guten-k2OOfB\"><i class=\"fas fa-chevron-right\"><\/i><span class=\"list-text \">Empresas<\/span><\/a><\/div>\n<\/div><\/div>\n<\/div><\/div>\n<\/div><\/section><\/div>\n\n\n\n<div class=\"section-wrapper\" data-id=\"IP4mgC\"><section class=\"wp-block-gutenverse-section guten-element guten-section guten-IP4mgC layout-boxed align-stretch\"><div class=\"guten-background-overlay\"><\/div><div class=\"guten-container guten-column-gap-no\">\n<div class=\"wp-block-gutenverse-column guten-element guten-column guten-orgbL7\"><div class=\"guten-column-wrapper\" data-id=\"orgbL7\">\n<h5 class=\"wp-block-gutenverse-heading guten-element guten-BlLxTP animated guten-element-hide slow desktop-fadeInUp\">Nuestros beneficios<\/h5>\n\n\n\n<h2 class=\"wp-block-gutenverse-heading guten-element guten-Mz7aDa\">Af\u00edliese con nosotros y gane<\/h2>\n\n\n\n<div class=\"guten-element gutenverse-text-editor guten-zryUY4\"><div class=\"text-content-inner\">\n<p class=\"has-startupzy-bg-overlay-color has-text-color has-link-color has-normal-font-size wp-elements-32f69bf9259eb30c47094a3b6a0272e3\">Si Ud. es empresario de turismo, tiene una embarcaci\u00f3n o desea iniciar un negocio propio cont\u00e1ctenos y con gusto le podremos ayudar y ofrecer una variedad de servicios a su emprendimiento<\/p>\n<\/div><\/div>\n\n\n\n<div class=\"section-wrapper\" data-id=\"KPHur0\"><section class=\"wp-block-gutenverse-section guten-element guten-section guten-KPHur0 animated guten-element-hide slow desktop-fadeInUp layout-fullwidth align-stretch\"><div class=\"guten-container guten-column-gap-default\">\n<div class=\"wp-block-gutenverse-column guten-element guten-column guten-2oE2BA\"><div class=\"guten-column-wrapper\" data-id=\"2oE2BA\">\n<div class=\"guten-element guten-YIDuzx guten-icon-box icon-position-top\"><div class=\"guten-icon-box-wrapper hover-from-left\"><div class=\"icon-box icon-box-header\"><div class=\"icon bg-style-color\"><i class=\"fas fa-mobile-alt icon-style-color\"><\/i><\/div><\/div><div class=\"icon-box icon-box-body\"><h3 class=\"title\">Aplicaci\u00f3n m\u00f3vil m\u00e1s cerca de sus clientes<\/h3><p class=\"icon-box-description\">La ubicuidad de los smartphones se ha convertido en un fen\u00f3meno a nivel mundial. Colocamos su negocio m\u00e1s cerca de sus clientes permitiendo as\u00ed que le compren sus servicios y productos de una forma m\u00e1s r\u00e1pida.<\/p>\n<div class=\"guten-element guten-button-wrapper guten-D3WoAe\"><a class=\"guten-button guten-button-sm\" href=\"#\"><span>Read More<\/span><i class=\"fa-lg fas fa-arrow-right\"><\/i><\/a><\/div>\n<\/div><div class=\"hover-watermark\"><i class=\"fas fa-mobile-alt\"><\/i><\/div><\/div><\/div>\n<\/div><\/div>\n\n\n\n<div class=\"wp-block-gutenverse-column guten-element guten-column guten-QkflC7\"><div class=\"guten-column-wrapper\" data-id=\"QkflC7\">\n<div class=\"guten-element guten-PKXOMe guten-icon-box icon-position-top\"><div class=\"guten-icon-box-wrapper hover-from-left\"><div class=\"icon-box icon-box-header\"><div class=\"icon bg-style-color\"><i class=\"far fa-credit-card icon-style-color\"><\/i><\/div><\/div><div class=\"icon-box icon-box-body\"><h3 class=\"title\">F\u00e1cil disponibilidad de pagos<\/h3><p class=\"icon-box-description\">La disponibilidad de pagos con tarjeta y eventualmente otros medios permitir\u00e1 a los usuarios realizar pagos de forma sencilla de la manera m\u00e1s conveniente y desde cualquier lugar. Esto impulsar\u00e1 su negocio.<\/p>\n<div class=\"guten-element guten-button-wrapper guten-oEtn9z\"><a class=\"guten-button guten-button-sm\" href=\"#\"><span>Read More<\/span><i class=\"fa-lg fas fa-arrow-right\"><\/i><\/a><\/div>\n<\/div><div class=\"hover-watermark\"><i class=\"far fa-credit-card\"><\/i><\/div><\/div><\/div>\n<\/div><\/div>\n\n\n\n<div class=\"wp-block-gutenverse-column guten-element guten-column guten-wZ6Gq9\"><div class=\"guten-column-wrapper\" data-id=\"wZ6Gq9\">\n<div class=\"guten-element guten-B7WJmr guten-icon-box icon-position-top\"><div class=\"guten-icon-box-wrapper hover-from-left\"><div class=\"icon-box icon-box-header\"><div class=\"icon bg-style-color\"><i class=\"fas fa-globe icon-style-color\"><\/i><\/div><\/div><div class=\"icon-box icon-box-body\"><h3 class=\"title\">Publicidad totalmente gratuita<\/h3><p class=\"icon-box-description\">Empresas que est\u00e1n iniciando en la industria de transporte acu\u00e1tico, turismo, comida, etc. podr\u00e1n publicitar sus servicios y productos de forma gratuita para beneficio del usuario y las empresas.<\/p>\n<div class=\"guten-element guten-button-wrapper guten-159pwq\"><a class=\"guten-button guten-button-sm\" href=\"#\"><span>Read More<\/span><i class=\"fa-lg fas fa-arrow-right\"><\/i><\/a><\/div>\n<\/div><div class=\"hover-watermark\"><i class=\"fas fa-globe\"><\/i><\/div><\/div><\/div>\n<\/div><\/div>\n<\/div><\/section><\/div>\n<\/div><\/div>\n<\/div><\/section><\/div>\n\n\n\n<div class=\"section-wrapper\" data-id=\"AMGete\"><section class=\"wp-block-gutenverse-section guten-element guten-section guten-AMGete layout-boxed align-stretch\"><div class=\"guten-container guten-column-gap-default\">\n<div class=\"wp-block-gutenverse-column guten-element guten-column guten-TIR12Z\"><div class=\"guten-column-wrapper\" data-id=\"TIR12Z\">\n<h5 class=\"wp-block-gutenverse-heading guten-element guten-7otlnJ animated guten-element-hide desktop-fadeInLeft\">Sus clientes comprar\u00e1n a trav\u00e9s de la aplicaci\u00f3n<\/h5>\n\n\n\n<h2 class=\"wp-block-gutenverse-heading guten-element guten-2W1hqH animated guten-element-hide desktop-fadeInLeft\">Cobros por comisi\u00f3n<\/h2>\n\n\n\n<div class=\"guten-element gutenverse-text-editor guten-bwmK4G animated guten-element-hide desktop-fadeInLeft\"><div class=\"text-content-inner\">\n<p class=\"has-startupzy-bg-overlay-color has-text-color has-link-color wp-elements-51be0a95b2819c08de80d4a9405d69a3\">Se le cobrar\u00e1 una comisi\u00f3n muy competitiva solamente si sus clientes compran a trav\u00e9s de nuestra aplicaci\u00f3n, sin costos fijos mensuales ni de ning\u00fan otro tipo.<\/p>\n<\/div><\/div>\n\n\n\n<div class=\"guten-element guten-accordions guten-8Gt8L1 animated guten-element-hide desktop-fadeInLeft\">\n<div class=\"accordion-item guten-mpgC1R\"><div class=\"accordion-heading\"><span class=\"accordion-text\">\u00bfC\u00f3mo puedo vender mis productos o servicios?<\/span><div class=\"accordion-icon\"><span class=\"accordion-icon-open\"><i class=\"fas fa-minus\"><\/i><\/span><span class=\"accordion-icon-closed\"><i class=\"fas fa-chevron-down\"><\/i><\/span><\/div><\/div><div class=\"accordion-body\"><div class=\"accordion-content\">\n<p class=\"has-startupzy-bg-overlay-color has-text-color has-link-color wp-elements-f45bf0f35ddb2bb2823950910d23abb5\">Si Ud. tiene un negocio debidamente registrado puede afiliarse con nosotros enviando un correo a <strong><a href=\"mailto:contacto@pangacr.com\" target=\"_blank\" rel=\"noopener\" title=\"\">contacto@pangacr.com<\/a><\/strong><\/p>\n\n\n\n<p class=\"has-startupzy-bg-overlay-color has-text-color has-link-color wp-elements-77cf9d951a6032708e80c5002bd4b45b\">O bien al n\u00famero telef\u00f3nico: +506 64807480<\/p>\n<\/div><\/div><\/div>\n\n\n\n<div class=\"accordion-item guten-My4NFQ\"><div class=\"accordion-heading\"><span class=\"accordion-text\">\u00bfDebo pagar para afiliarme?<\/span><div class=\"accordion-icon\"><span class=\"accordion-icon-open\"><i class=\"fas fa-minus\"><\/i><\/span><span class=\"accordion-icon-closed\"><i class=\"fas fa-chevron-down\"><\/i><\/span><\/div><\/div><div class=\"accordion-body\"><div class=\"accordion-content\">\n<p class=\"has-startupzy-bg-overlay-color has-text-color has-link-color wp-elements-ad4ef6ef79cad6d98349b44f663f0a36\"><meta charset=\"utf-8\">No, la afiliaci\u00f3n no tiene ning\u00fan costo, y tampoco tiene costo publicitar sus servicios o productos a trav\u00e9s de la aplicaci\u00f3n PANGA.<\/p>\n<\/div><\/div><\/div>\n\n\n\n<div class=\"accordion-item guten-Kq0NFL\"><div class=\"accordion-heading\"><span class=\"accordion-text\">\u00bfCu\u00e1nto debo pagar de comisi\u00f3n?<\/span><div class=\"accordion-icon\"><span class=\"accordion-icon-open\"><i class=\"fas fa-minus\"><\/i><\/span><span class=\"accordion-icon-closed\"><i class=\"fas fa-chevron-down\"><\/i><\/span><\/div><\/div><div class=\"accordion-body\"><div class=\"accordion-content\">\n<p class=\"has-startupzy-bg-overlay-color has-text-color has-link-color wp-elements-585de45f793a4b4348b599d61048df87\"><meta charset=\"utf-8\">Dependiendo de su tipo de negocio y la cantidad de clientes que Ud. ya posea los porcentajes de comisi\u00f3n por compra pueden varias pero son muy competitivos y ofrecemos opciones que se ajustan a sus necesidades. Cont\u00e1ctenos para ofrecerle m\u00e1s informaci\u00f3n.<\/p>\n<\/div><\/div><\/div>\n<\/div>\n<\/div><\/div>\n\n\n\n<div class=\"wp-block-gutenverse-column guten-element guten-column guten-150ahz animated guten-element-hide desktop-fadeInRight\"><div class=\"guten-column-wrapper\" data-id=\"150ahz\">\n<div class=\"guten-element guten-spacer guten-9e6amf\"><\/div>\n<\/div><\/div>\n<\/div><\/section><\/div>\n\n\n\n<div class=\"section-wrapper\" data-id=\"McDpTa\"><section class=\"wp-block-gutenverse-section guten-element guten-section guten-McDpTa layout-boxed align-stretch\"><div class=\"guten-background-overlay\"><\/div><div class=\"guten-container guten-column-gap-default\">\n<div class=\"wp-block-gutenverse-column guten-element guten-column guten-5VSHBt\"><div class=\"guten-column-wrapper\" data-id=\"5VSHBt\">\n<h5 class=\"wp-block-gutenverse-heading guten-element guten-8dimDn animated guten-element-hide slow desktop-fadeInUp\">PANGA EMpresas y PANGA PILOTO<\/h5>\n\n\n\n<h2 class=\"wp-block-gutenverse-heading guten-element guten-B6dVQO\">Nuestras aplicaciones m\u00f3viles<\/h2>\n\n\n\n<div class=\"guten-element gutenverse-text-editor guten-YjuH4j\"><div class=\"text-content-inner\">\n<p class=\"has-normal-font-size\">Tenemos tres aplicaciones m\u00f3viles, usuario, piloto y empresas para satisfacer las necesidades de nuestros clientes y asociados. Actualmente ya tenemos disponible para descargar la aplicaci\u00f3n PANGA Empresas y PANGA Piloto, la primera permite a los negocios afiliados recibir las reservaciones y comunicados de los clientes, y la segunda aplicaci\u00f3n permite a las embarcaciones afiliadas recibir solicitudes para transporte acu\u00e1tico por demanda.<\/p>\n<\/div><\/div>\n\n\n\n<div class=\"section-wrapper\" data-id=\"Qx2xCT\"><section class=\"wp-block-gutenverse-section guten-element guten-section guten-Qx2xCT layout-boxed align-stretch\"><div class=\"guten-container guten-column-gap-default\">\n<div class=\"wp-block-gutenverse-column guten-element guten-column guten-WbcIFV\"><div class=\"guten-column-wrapper\" data-id=\"WbcIFV\">\n<div class=\"wp-block-gutenverse-image guten-element guten-image guten-TR8wc3\"><div class=\"guten-image-wrapper\"><img fetchpriority=\"high\" decoding=\"async\" class=\"gutenverse-image-box-filled\" src=\"https:\/\/pangacr.com\/wp-content\/uploads\/2024\/04\/Empresas1.png\" height=\"3272\" width=\"1547\"\/><\/div><\/div>\n<\/div><\/div>\n\n\n\n<div class=\"wp-block-gutenverse-column guten-element guten-column guten-j2zsVJ\"><div class=\"guten-column-wrapper\" data-id=\"j2zsVJ\">\n<div class=\"wp-block-gutenverse-image guten-element guten-image guten-buAblk\"><div class=\"guten-image-wrapper\"><img decoding=\"async\" class=\"gutenverse-image-box-filled\" src=\"https:\/\/pangacr.com\/wp-content\/uploads\/2024\/04\/Piloto1.png\" height=\"3272\" width=\"1547\"\/><\/div><\/div>\n<\/div><\/div>\n<\/div><\/section><\/div>\n\n\n\n<p><\/p>\n<\/div><\/div>\n<\/div><\/section><\/div>\n\n\n\n<div class=\"guten-element guten-spacer guten-GJDxam\"><\/div>\n","protected":false},"excerpt":{"rendered":"","protected":false},"author":1,"featured_media":0,"parent":0,"menu_order":0,"comment_status":"closed","ping_status":"closed","template":"template-basic","meta":{"om_disable_all_campaigns":false,"_uag_custom_page_level_css":"","_joinchat":[],"footnotes":""},"class_list":["post-387","page","type-page","status-publish","hentry"],"yoast_head":"<!-- This site is optimized with the Yoast SEO plugin v26.6 - https:\/\/yoast.com\/wordpress\/plugins\/seo\/ -->\n<title>Empresas - Panga<\/title>\n<meta name=\"robots\" content=\"index, follow, max-snippet:-1, max-image-preview:large, max-video-preview:-1\" \/>\n<link rel=\"canonical\" href=\"https:\/\/pangacr.com\/index.php\/empresas\/\" \/>\n<meta property=\"og:locale\" content=\"en_US\" \/>\n<meta property=\"og:type\" content=\"article\" \/>\n<meta property=\"og:title\" content=\"Empresas - Panga\" \/>\n<meta property=\"og:url\" content=\"https:\/\/pangacr.com\/index.php\/empresas\/\" \/>\n<meta property=\"og:site_name\" content=\"Panga\" \/>\n<meta property=\"article:modified_time\" content=\"2025-10-17T00:26:29+00:00\" \/>\n<meta property=\"og:image\" content=\"https:\/\/pangacr.com\/wp-content\/uploads\/2024\/04\/Empresas1.png\" \/>\n<meta name=\"twitter:card\" content=\"summary_large_image\" \/>\n<meta name=\"twitter:label1\" content=\"Est. reading time\" \/>\n\t<meta name=\"twitter:data1\" content=\"3 minutes\" \/>\n<script type=\"application\/ld+json\" class=\"yoast-schema-graph\">{\"@context\":\"https:\/\/schema.org\",\"@graph\":[{\"@type\":\"WebPage\",\"@id\":\"https:\/\/pangacr.com\/index.php\/empresas\/\",\"url\":\"https:\/\/pangacr.com\/index.php\/empresas\/\",\"name\":\"Empresas - Panga\",\"isPartOf\":{\"@id\":\"https:\/\/pangacr.com\/#website\"},\"primaryImageOfPage\":{\"@id\":\"https:\/\/pangacr.com\/index.php\/empresas\/#primaryimage\"},\"image\":{\"@id\":\"https:\/\/pangacr.com\/index.php\/empresas\/#primaryimage\"},\"thumbnailUrl\":\"https:\/\/pangacr.com\/wp-content\/uploads\/2024\/04\/Empresas1.png\",\"datePublished\":\"2024-04-09T17:51:26+00:00\",\"dateModified\":\"2025-10-17T00:26:29+00:00\",\"breadcrumb\":{\"@id\":\"https:\/\/pangacr.com\/index.php\/empresas\/#breadcrumb\"},\"inLanguage\":\"en-US\",\"potentialAction\":[{\"@type\":\"ReadAction\",\"target\":[\"https:\/\/pangacr.com\/index.php\/empresas\/\"]}]},{\"@type\":\"ImageObject\",\"inLanguage\":\"en-US\",\"@id\":\"https:\/\/pangacr.com\/index.php\/empresas\/#primaryimage\",\"url\":\"https:\/\/pangacr.com\/wp-content\/uploads\/2024\/04\/Empresas1-scaled.png\",\"contentUrl\":\"https:\/\/pangacr.com\/wp-content\/uploads\/2024\/04\/Empresas1-scaled.png\",\"width\":1210,\"height\":2560},{\"@type\":\"BreadcrumbList\",\"@id\":\"https:\/\/pangacr.com\/index.php\/empresas\/#breadcrumb\",\"itemListElement\":[{\"@type\":\"ListItem\",\"position\":1,\"name\":\"Home\",\"item\":\"https:\/\/pangacr.com\/\"},{\"@type\":\"ListItem\",\"position\":2,\"name\":\"Empresas\"}]},{\"@type\":\"WebSite\",\"@id\":\"https:\/\/pangacr.com\/#website\",\"url\":\"https:\/\/pangacr.com\/\",\"name\":\"Panga\",\"description\":\"Soluciones tecnol\u00f3gicas\",\"publisher\":{\"@id\":\"https:\/\/pangacr.com\/#organization\"},\"potentialAction\":[{\"@type\":\"SearchAction\",\"target\":{\"@type\":\"EntryPoint\",\"urlTemplate\":\"https:\/\/pangacr.com\/?s={search_term_string}\"},\"query-input\":{\"@type\":\"PropertyValueSpecification\",\"valueRequired\":true,\"valueName\":\"search_term_string\"}}],\"inLanguage\":\"en-US\"},{\"@type\":\"Organization\",\"@id\":\"https:\/\/pangacr.com\/#organization\",\"name\":\"Panga\",\"url\":\"https:\/\/pangacr.com\/\",\"logo\":{\"@type\":\"ImageObject\",\"inLanguage\":\"en-US\",\"@id\":\"https:\/\/pangacr.com\/#\/schema\/logo\/image\/\",\"url\":\"https:\/\/pangacr.com\/wp-content\/uploads\/2023\/12\/cropped-PANGA-logo-transparente-2.png\",\"contentUrl\":\"https:\/\/pangacr.com\/wp-content\/uploads\/2023\/12\/cropped-PANGA-logo-transparente-2.png\",\"width\":883,\"height\":856,\"caption\":\"Panga\"},\"image\":{\"@id\":\"https:\/\/pangacr.com\/#\/schema\/logo\/image\/\"}}]}<\/script>\n<!-- \/ Yoast SEO plugin. -->","yoast_head_json":{"title":"Empresas - Panga","robots":{"index":"index","follow":"follow","max-snippet":"max-snippet:-1","max-image-preview":"max-image-preview:large","max-video-preview":"max-video-preview:-1"},"canonical":"https:\/\/pangacr.com\/index.php\/empresas\/","og_locale":"en_US","og_type":"article","og_title":"Empresas - Panga","og_url":"https:\/\/pangacr.com\/index.php\/empresas\/","og_site_name":"Panga","article_modified_time":"2025-10-17T00:26:29+00:00","og_image":[{"url":"https:\/\/pangacr.com\/wp-content\/uploads\/2024\/04\/Empresas1.png","type":"","width":"","height":""}],"twitter_card":"summary_large_image","twitter_misc":{"Est. reading time":"3 minutes"},"schema":{"@context":"https:\/\/schema.org","@graph":[{"@type":"WebPage","@id":"https:\/\/pangacr.com\/index.php\/empresas\/","url":"https:\/\/pangacr.com\/index.php\/empresas\/","name":"Empresas - Panga","isPartOf":{"@id":"https:\/\/pangacr.com\/#website"},"primaryImageOfPage":{"@id":"https:\/\/pangacr.com\/index.php\/empresas\/#primaryimage"},"image":{"@id":"https:\/\/pangacr.com\/index.php\/empresas\/#primaryimage"},"thumbnailUrl":"https:\/\/pangacr.com\/wp-content\/uploads\/2024\/04\/Empresas1.png","datePublished":"2024-04-09T17:51:26+00:00","dateModified":"2025-10-17T00:26:29+00:00","breadcrumb":{"@id":"https:\/\/pangacr.com\/index.php\/empresas\/#breadcrumb"},"inLanguage":"en-US","potentialAction":[{"@type":"ReadAction","target":["https:\/\/pangacr.com\/index.php\/empresas\/"]}]},{"@type":"ImageObject","inLanguage":"en-US","@id":"https:\/\/pangacr.com\/index.php\/empresas\/#primaryimage","url":"https:\/\/pangacr.com\/wp-content\/uploads\/2024\/04\/Empresas1-scaled.png","contentUrl":"https:\/\/pangacr.com\/wp-content\/uploads\/2024\/04\/Empresas1-scaled.png","width":1210,"height":2560},{"@type":"BreadcrumbList","@id":"https:\/\/pangacr.com\/index.php\/empresas\/#breadcrumb","itemListElement":[{"@type":"ListItem","position":1,"name":"Home","item":"https:\/\/pangacr.com\/"},{"@type":"ListItem","position":2,"name":"Empresas"}]},{"@type":"WebSite","@id":"https:\/\/pangacr.com\/#website","url":"https:\/\/pangacr.com\/","name":"Panga","description":"Soluciones tecnol\u00f3gicas","publisher":{"@id":"https:\/\/pangacr.com\/#organization"},"potentialAction":[{"@type":"SearchAction","target":{"@type":"EntryPoint","urlTemplate":"https:\/\/pangacr.com\/?s={search_term_string}"},"query-input":{"@type":"PropertyValueSpecification","valueRequired":true,"valueName":"search_term_string"}}],"inLanguage":"en-US"},{"@type":"Organization","@id":"https:\/\/pangacr.com\/#organization","name":"Panga","url":"https:\/\/pangacr.com\/","logo":{"@type":"ImageObject","inLanguage":"en-US","@id":"https:\/\/pangacr.com\/#\/schema\/logo\/image\/","url":"https:\/\/pangacr.com\/wp-content\/uploads\/2023\/12\/cropped-PANGA-logo-transparente-2.png","contentUrl":"https:\/\/pangacr.com\/wp-content\/uploads\/2023\/12\/cropped-PANGA-logo-transparente-2.png","width":883,"height":856,"caption":"Panga"},"image":{"@id":"https:\/\/pangacr.com\/#\/schema\/logo\/image\/"}}]}},"uagb_featured_image_src":{"full":false,"thumbnail":false,"medium":false,"medium_large":false,"large":false,"1536x1536":false,"2048x2048":false,"mailpoet_newsletter_max":false,"woocommerce_thumbnail":false,"woocommerce_single":false,"woocommerce_gallery_thumbnail":false},"uagb_author_info":{"display_name":"pedchoro","author_link":"https:\/\/pangacr.com\/index.php\/author\/pedchoro\/"},"uagb_comment_info":0,"uagb_excerpt":null,"jetpack_sharing_enabled":true,"_links":{"self":[{"href":"https:\/\/pangacr.com\/index.php\/wp-json\/wp\/v2\/pages\/387","targetHints":{"allow":["GET"]}}],"collection":[{"href":"https:\/\/pangacr.com\/index.php\/wp-json\/wp\/v2\/pages"}],"about":[{"href":"https:\/\/pangacr.com\/index.php\/wp-json\/wp\/v2\/types\/page"}],"author":[{"embeddable":true,"href":"https:\/\/pangacr.com\/index.php\/wp-json\/wp\/v2\/users\/1"}],"replies":[{"embeddable":true,"href":"https:\/\/pangacr.com\/index.php\/wp-json\/wp\/v2\/comments?post=387"}],"version-history":[{"count":37,"href":"https:\/\/pangacr.com\/index.php\/wp-json\/wp\/v2\/pages\/387\/revisions"}],"predecessor-version":[{"id":1007,"href":"https:\/\/pangacr.com\/index.php\/wp-json\/wp\/v2\/pages\/387\/revisions\/1007"}],"wp:attachment":[{"href":"https:\/\/pangacr.com\/index.php\/wp-json\/wp\/v2\/media?parent=387"}],"curies":[{"name":"wp","href":"https:\/\/api.w.org\/{rel}","templated":true}]}}